{"id":625,"date":"2023-03-23T13:32:56","date_gmt":"2023-03-23T12:32:56","guid":{"rendered":"http:\/\/lehan.pl\/one-page-express\/"},"modified":"2023-09-20T09:31:25","modified_gmt":"2023-09-20T07:31:25","slug":"one-page-express","status":"publish","type":"page","link":"http:\/\/lehan.pl\/","title":{"rendered":"Front Page"},"content":{"rendered":"<div  data-label=\"Oferta\" data-id=\"about-four-boxes-section\" data-category=\"about\" class=\"about-four-boxes-section\" id=\"oferta-1\" style=\"background-color: rgb(246, 246, 246);\"> <div  class=\"\"> <div  class=\"about-four-boxes-innerrow flexbox-list\"> <div  class=\"about-four-boxes-imgcol\" data-bg=\"image\" style=\"background-image: url(&quot;http:\/\/lehan.pl\/wp-content\/uploads\/2023\/03\/IMG_5003x.jpg&quot;);\"><\/div> <div  class=\"about-four-boxes-textcol\" data-type=\"column\">   <h2  class=\"\">Oferta<\/h2><p  class=\"\">Wykonujemy oko\u0142o 400 rodzaj\u00f3w wzor\u00f3w graficznych opakowa\u0144 do ciast, tort\u00f3w, pieczywa, s\u0142odyczy oraz artyku\u0142\u00f3w spo\u017cywczych r\u00f3\u017cnego typu, dla indywidualnych potrzeb klienta.<\/p> <\/div> <div  class=\"about-four-boxes-textcol\" data-type=\"column\">   <p  class=\"\">\n<br ><br >Szanuj\u0105c anonimowo\u015b\u0107 oraz tajemnice handlowe firm cukierniczo-piekarniczych nie przedstawiamy tych opakowa\u0144 w ofercie. Na indywidualne \u017cyczenie przygotujemy opakowania tylko dla Pa\u0144stwa firmy. <\/p> <\/div> <div  class=\"about-four-boxes-imgcol2\" data-bg=\"image\" style=\"background-image: url(&quot;http:\/\/lehan.pl\/wp-content\/uploads\/2023\/03\/IMG_5218x.jpg&quot;);\"><\/div> <\/div> <\/div><\/div><div  data-label=\"O firmie\" data-id=\"features-square-image-section\" data-category=\"features\" class=\"features-square-image-section\" id=\"o-firmie-1\" style=\"background-color: rgb(255, 255, 255);\"> <div  class=\"dynamic-color\"> <div  class=\"features-square-image-textrow\"> <div  class=\"features-square-image-textcol\" data-type=\"column\"> <h2  class=\"\">O firmie<\/h2> <p  class=\"\">Jeste\u015bmy firm\u0105 produkuj\u0105c\u0105 opakowania od 1991r. Ponad 30 lat specjalizujemy si\u0119 w produkcji opakowa\u0144 dla cukiernictwa i piekarnictwa oferuj\u0105c kompleksowe zabezpieczenie w opakowania z tektur i papieru. Opracowania graficzne opakowa\u0144 wykonujemy we w\u0142asnym zakresie lub na podstawie grafiki przygotowanej przez klient\u00f3w.<br ><br >Opakowania s\u0105 wykonywane r\u00f3\u017cnymi technikami z wykorzystaniem najnowszych technologii zapewniaj\u0105cych jako\u015b\u0107, funkcjonalno\u015b\u0107 i konkurencyjno\u015b\u0107. Oko\u0142o 60 % produkowanych opakowa\u0144 wykonujemy wed\u0142ug opatentowanych wzor\u00f3w, gwarantuj\u0105cych funkcjonalno\u015b\u0107 i estetyk\u0119 produktu.<br ><br >Stosowane technologie i materia\u0142y spe\u0142niaj\u0105 wymagania stawiane opakowaniom do bezpo\u015bredniego kontaktu z \u017cywno\u015bci\u0105. Nasz\u0105 dewiz\u0105 jest najwy\u017cszy standard opakowa\u0144 za konkurencyjn\u0105 cen\u0119, terminowo\u015b\u0107 oraz codzienny szacunek dla klienta niezale\u017cnie od wielko\u015bci jego potrzeb.<br ><br >Nasz dzia\u0142 sprzeda\u017cy i przedstawiciele handlowi s\u0105 do dyspozycji. Zaproponuj\u0105 najlepsze rozwi\u0105zania opakowa\u0144 dla Pa\u0144stwa cukierni i piekarni, dopilnuj\u0105 realizacji od momentu przyj\u0119cia zam\u00f3wienia do dostarczenia towaru. Zaoferuj\u0105 doradztwo oraz pomoc przy wyborze najlepszych opakowa\u0144 dla Pa\u0144stwa potrzeb.<br ><br >Zapraszamy do wsp\u00f3\u0142pracy.<\/p> <img  decoding=\"async\" class=\"custom-image\" src=\"http:\/\/lehan.pl\/wp-content\/uploads\/2023\/03\/IMG_5220.jpg\" alt=\"\"><\/div> <\/div> <div  class=\"features-square-image-innerrow\" data-type=\"row\"> <div  class=\"features-square-image-featcol cp4cols cp6cols-tablet\">   <a href=\"#\" class=\"\" target=\"_self\" data-reiki-hidden=\"true\" rel=\"noopener\"><i  data-cp-fa=\"true\" class=\"font-icon-22 fa fa-arrow-circle-right\"><\/i>&nbsp;learn more<\/a> <\/div>   <\/div> <\/div><\/div><div  id=\"kontakt\" style=\"background-color: rgb(246, 246, 246);\" data-label=\"Kontakt\" data-id=\"team-colors-section\" data-category=\"team\" class=\"team-colors-section\"> <div  class=\"\"> <div  class=\"team-colors-textcol dynamic-color\"> <h2 >Kontakt<\/h2> <p  class=\"\"><\/p> <\/div> <div  class=\"team-colors-membersrow dark-text\" data-type=\"row\"> <div  class=\"team-colors-membercol cp6cols-tablet cp4cols\"> <div  class=\"team-colors-membercard\"> <div  class=\"team-colors-background\"><\/div> <div  class=\"team-colors-memberinfo\" data-type=\"column\"> <h4  class=\"team-colors-membername\">Adres<\/h4> <p  class=\"team-colors-memberposition\">\n<br ><br >ul. Budowlana 2<br ><br >86-200 Che\u0142mno<\/p>   <\/div> <div  class=\"team-colors-membericons\" data-type=\"group\"> <a href=\"#\" target=\"_self\" data-reiki-hidden=\"true\" rel=\"noopener\"><i  data-cp-fa=\"true\" class=\"team-colors-icon fa fa-linkedin\"><\/i><\/a> <a href=\"#\" target=\"_self\" data-reiki-hidden=\"true\" rel=\"noopener\"><i  data-cp-fa=\"true\" class=\"fa team-colors-icon fa-twitter\"><\/i><\/a> <a href=\"#\" target=\"_self\" data-reiki-hidden=\"true\" rel=\"noopener\"><i  data-cp-fa=\"true\" class=\"fa team-colors-icon fa-dribbble\"><\/i><\/a> <\/div> <\/div> <\/div> <div  class=\"team-colors-membercol cp6cols-tablet cp4cols\"> <div  class=\"team-colors-membercard\"> <div  class=\"team-colors-background\"><\/div> <div  class=\"team-colors-memberinfo\" data-type=\"column\"> <h4  class=\"team-colors-membername\">E-mail<\/h4> <p  class=\"team-colors-memberposition\">\n\n<br ><br >zolehan@post.pl\n<\/p>   <\/div> <div  class=\"team-colors-membericons\" data-type=\"group\"> <a href=\"#\" target=\"_self\" data-reiki-hidden=\"true\" rel=\"noopener\"><i  data-cp-fa=\"true\" class=\"team-colors-icon fa fa-linkedin\"><\/i><\/a> <a href=\"http:\/\/lehan.pl\/ffffffff\" target=\"_self\" data-reiki-hidden=\"true\" rel=\"noopener\"><i  data-cp-fa=\"true\" class=\"fa team-colors-icon fa-phone\"><\/i><\/a> <a href=\"#\" target=\"_self\" data-reiki-hidden=\"true\" rel=\"noopener\"><i  data-cp-fa=\"true\" class=\"fa team-colors-icon fa-dribbble\"><\/i><\/a> <\/div> <\/div> <\/div>   <div  class=\"team-colors-membercol cp6cols-tablet cp4cols\"> <div  class=\"team-colors-membercard\"> <div  class=\"team-colors-background\"><\/div> <div  class=\"team-colors-memberinfo\" data-type=\"column\"> <h4  class=\"team-colors-membername\">Telefon<\/h4> <p  class=\"team-colors-memberposition\">\n<br ><br >\n603 295 030<br ><br >693 449 908<\/p>   <\/div> <div  class=\"team-colors-membericons\" data-type=\"group\"> <a href=\"#\" target=\"_self\" data-reiki-hidden=\"true\" rel=\"noopener\"><i  data-cp-fa=\"true\" class=\"team-colors-icon fa fa-linkedin\"><\/i><\/a> <a href=\"#\" target=\"_self\" data-reiki-hidden=\"true\" rel=\"noopener\"><i  data-cp-fa=\"true\" class=\"fa team-colors-icon fa-twitter\"><\/i><\/a> <a href=\"#\" target=\"_self\" data-reiki-hidden=\"true\" rel=\"noopener\"><i  data-cp-fa=\"true\" class=\"fa team-colors-icon fa-dribbble\"><\/i><\/a> <\/div> <\/div> <\/div><\/div> <\/div><\/div>","protected":false},"excerpt":{"rendered":"<p>OfertaWykonujemy oko\u0142o 400 rodzaj\u00f3w wzor\u00f3w graficznych opakowa\u0144 do ciast, tort\u00f3w, pieczywa, s\u0142odyczy oraz artyku\u0142\u00f3w spo\u017cywczych r\u00f3\u017cnego typu, dla indywidualnych potrzeb klienta. Szanuj\u0105c anonimowo\u015b\u0107 oraz tajemnice handlowe firm cukierniczo-piekarniczych nie przedstawiamy tych opakowa\u0144 w ofercie. Na indywidualne \u017cyczenie przygotujemy opakowania tylko dla Pa\u0144stwa firmy. O firmie Jeste\u015bmy firm\u0105 produkuj\u0105c\u0105 opakowania od 1991r. Ponad 30 lat specjalizujemy&hellip; <br \/> <a class=\"button small blue\" href=\"http:\/\/lehan.pl\/?p=1\">Czytaj dalej<\/a><\/p>\n","protected":false},"author":1,"featured_media":0,"parent":0,"menu_order":0,"comment_status":"closed","ping_status":"closed","template":"","meta":{"footnotes":""},"class_list":["post-625","page","type-page","status-publish","hentry"],"_links":{"self":[{"href":"http:\/\/lehan.pl\/index.php?rest_route=\/wp\/v2\/pages\/625","targetHints":{"allow":["GET"]}}],"collection":[{"href":"http:\/\/lehan.pl\/index.php?rest_route=\/wp\/v2\/pages"}],"about":[{"href":"http:\/\/lehan.pl\/index.php?rest_route=\/wp\/v2\/types\/page"}],"author":[{"embeddable":true,"href":"http:\/\/lehan.pl\/index.php?rest_route=\/wp\/v2\/users\/1"}],"replies":[{"embeddable":true,"href":"http:\/\/lehan.pl\/index.php?rest_route=%2Fwp%2Fv2%2Fcomments&post=625"}],"version-history":[{"count":24,"href":"http:\/\/lehan.pl\/index.php?rest_route=\/wp\/v2\/pages\/625\/revisions"}],"predecessor-version":[{"id":702,"href":"http:\/\/lehan.pl\/index.php?rest_route=\/wp\/v2\/pages\/625\/revisions\/702"}],"wp:attachment":[{"href":"http:\/\/lehan.pl\/index.php?rest_route=%2Fwp%2Fv2%2Fmedia&parent=625"}],"curies":[{"name":"wp","href":"https:\/\/api.w.org\/{rel}","templated":true}]}}